{"id":157073,"date":"2025-04-22T15:24:34","date_gmt":"2025-04-22T15:24:34","guid":{"rendered":"https:\/\/fundacaomendesgoncalves.org\/how-we-work\/educate\/"},"modified":"2026-02-25T11:41:25","modified_gmt":"2026-02-25T11:41:25","slug":"educate","status":"publish","type":"page","link":"https:\/\/fundacaomendesgoncalves.org\/en\/how-we-work\/educate\/","title":{"rendered":"Educate"},"content":{"rendered":"<div class=\"wpb-content-wrapper\"><p>[vc_row row_height_percent=&#8221;70&#8243; override_padding=&#8221;yes&#8221; h_padding=&#8221;0&#8243; top_padding=&#8221;0&#8243; bottom_padding=&#8221;0&#8243; back_color=&#8221;color-261712&#8243; parallax=&#8221;yes&#8221; overlay_alpha=&#8221;10&#8243; gutter_size=&#8221;4&#8243; column_width_percent=&#8221;100&#8243; shift_y=&#8221;0&#8243; z_index=&#8221;0&#8243; content_parallax=&#8221;0&#8243; uncode_shortcode_id=&#8221;151821&#8243; back_color_type=&#8221;uncode-palette&#8221;][vc_column column_width_percent=&#8221;100&#8243; position_vertical=&#8221;middle&#8221; gutter_size=&#8221;3&#8243; override_padding=&#8221;yes&#8221; column_padding=&#8221;2&#8243; style=&#8221;light&#8221; overlay_alpha=&#8221;50&#8243; shift_x=&#8221;0&#8243; shift_y=&#8221;0&#8243; shift_y_down=&#8221;0&#8243; z_index=&#8221;0&#8243; medium_width=&#8221;0&#8243; mobile_width=&#8221;0&#8243; css_animation=&#8221;alpha-anim&#8221; animation_speed=&#8221;1000&#8243; width=&#8221;1\/2&#8243; uncode_shortcode_id=&#8221;143498&#8243;][vc_row_inner row_inner_height_percent=&#8221;0&#8243; overlay_alpha=&#8221;50&#8243; gutter_size=&#8221;4&#8243; shift_y=&#8221;0&#8243; z_index=&#8221;0&#8243; limit_content=&#8221;&#8221; uncode_shortcode_id=&#8221;178909&#8243;][vc_column_inner column_width_percent=&#8221;100&#8243; gutter_size=&#8221;4&#8243; style=&#8221;light&#8221; overlay_alpha=&#8221;50&#8243; shift_x=&#8221;0&#8243; shift_y=&#8221;0&#8243; shift_y_down=&#8221;0&#8243; z_index=&#8221;0&#8243; medium_width=&#8221;5&#8243; mobile_width=&#8221;0&#8243; width=&#8221;1\/1&#8243; uncode_shortcode_id=&#8221;103691&#8243;][vc_single_image media=&#8221;156903&#8243; media_width_percent=&#8221;32&#8243; uncode_shortcode_id=&#8221;735514&#8243;][vc_custom_heading text_color=&#8221;color-177874&#8243; heading_semantic=&#8221;h1&#8243; text_size=&#8221;fontsize-338686&#8243; text_weight=&#8221;600&#8243; css_animation=&#8221;curtain&#8221; interval_animation=&#8221;200&#8243; uncode_shortcode_id=&#8221;923796&#8243; text_color_type=&#8221;uncode-palette&#8221;]Educate[\/vc_custom_heading][\/vc_column_inner][\/vc_row_inner][\/vc_column][vc_column column_width_percent=&#8221;100&#8243; gutter_size=&#8221;3&#8243; overlay_alpha=&#8221;50&#8243; shift_x=&#8221;0&#8243; shift_y=&#8221;0&#8243; shift_y_down=&#8221;0&#8243; z_index=&#8221;0&#8243; medium_width=&#8221;0&#8243; mobile_width=&#8221;0&#8243; width=&#8221;1\/2&#8243; uncode_shortcode_id=&#8221;116653&#8243;][vc_empty_space empty_h=&#8221;4&#8243;][vc_empty_space empty_h=&#8221;5&#8243;][vc_empty_space empty_h=&#8221;5&#8243;][vc_empty_space empty_h=&#8221;5&#8243;][\/vc_column][\/vc_row][vc_row row_height_percent=&#8221;0&#8243; override_padding=&#8221;yes&#8221; h_padding=&#8221;2&#8243; top_padding=&#8221;5&#8243; bottom_padding=&#8221;5&#8243; back_color=&#8221;color-xsdn&#8221; overlay_alpha=&#8221;50&#8243; gutter_size=&#8221;4&#8243; column_width_percent=&#8221;100&#8243; shift_y=&#8221;0&#8243; z_index=&#8221;0&#8243; content_parallax=&#8221;0&#8243; uncode_shortcode_id=&#8221;213789&#8243; back_color_type=&#8221;uncode-palette&#8221;][vc_column column_width_percent=&#8221;100&#8243; gutter_size=&#8221;3&#8243; style=&#8221;light&#8221; overlay_alpha=&#8221;50&#8243; shift_x=&#8221;0&#8243; shift_y=&#8221;0&#8243; shift_y_down=&#8221;0&#8243; z_index=&#8221;0&#8243; medium_width=&#8221;0&#8243; mobile_width=&#8221;0&#8243; width=&#8221;1\/2&#8243; uncode_shortcode_id=&#8221;162798&#8243;][vc_custom_heading text_size=&#8221;fontsize-155944&#8243; text_weight=&#8221;700&#8243; text_height=&#8221;fontheight-357766&#8243; uncode_shortcode_id=&#8221;624908&#8243;]Educating, with quality, changes the World.[\/vc_custom_heading][vc_custom_heading text_color=&#8221;color-177874&#8243; heading_semantic=&#8221;p&#8221; text_font=&#8221;font-165652&#8243; text_size=&#8221;h3&#8243; text_weight=&#8221;400&#8243; text_height=&#8221;fontheight-357766&#8243; uncode_shortcode_id=&#8221;998260&#8243; text_color_type=&#8221;uncode-palette&#8221;]Caring for the beginning of life is caring for life itself &#8211; and shaping a future for everyone.[\/vc_custom_heading][\/vc_column][vc_column column_width_percent=&#8221;100&#8243; gutter_size=&#8221;4&#8243; style=&#8221;light&#8221; overlay_alpha=&#8221;50&#8243; shift_x=&#8221;0&#8243; shift_y=&#8221;0&#8243; shift_y_down=&#8221;0&#8243; z_index=&#8221;0&#8243; medium_width=&#8221;0&#8243; mobile_width=&#8221;0&#8243; width=&#8221;1\/2&#8243; uncode_shortcode_id=&#8221;115185&#8243;][\/vc_column][\/vc_row][vc_row unlock_row_content=&#8221;yes&#8221; row_height_percent=&#8221;0&#8243; override_padding=&#8221;yes&#8221; h_padding=&#8221;0&#8243; top_padding=&#8221;5&#8243; bottom_padding=&#8221;5&#8243; overlay_alpha=&#8221;50&#8243; gutter_size=&#8221;2&#8243; column_width_percent=&#8221;100&#8243; shift_y=&#8221;0&#8243; z_index=&#8221;0&#8243;][vc_column column_width_percent=&#8221;100&#8243; gutter_size=&#8221;4&#8243; overlay_alpha=&#8221;50&#8243; shift_x=&#8221;0&#8243; shift_y=&#8221;0&#8243; shift_y_down=&#8221;0&#8243; z_index=&#8221;0&#8243; medium_width=&#8221;0&#8243; mobile_width=&#8221;0&#8243; width=&#8221;1\/1&#8243;][vc_gallery el_id=&#8221;gallery-515960&#8243; type=&#8221;carousel&#8221; medias=&#8221;156930,156926,156922,156914,156915,156917,156918,156919,156920,156923,156924,156927,156928&#8243; carousel_lg=&#8221;3&#8243; carousel_md=&#8221;3&#8243; carousel_sm=&#8221;1&#8243; gutter_size=&#8221;3&#8243; carousel_interval=&#8221;3000&#8243; carousel_navspeed=&#8221;400&#8243; stage_padding=&#8221;0&#8243; single_overlay_opacity=&#8221;50&#8243; single_padding=&#8221;2&#8243; uncode_shortcode_id=&#8221;157090&#8243;][\/vc_column][\/vc_row][vc_row unlock_row_content=&#8221;yes&#8221; row_height_percent=&#8221;0&#8243; override_padding=&#8221;yes&#8221; h_padding=&#8221;2&#8243; top_padding=&#8221;3&#8243; bottom_padding=&#8221;5&#8243; overlay_alpha=&#8221;50&#8243; gutter_size=&#8221;6&#8243; column_width_percent=&#8221;100&#8243; shift_y=&#8221;0&#8243; z_index=&#8221;0&#8243; content_parallax=&#8221;0&#8243; uncode_shortcode_id=&#8221;881836&#8243;][vc_column column_width_percent=&#8221;100&#8243; gutter_size=&#8221;3&#8243; overlay_alpha=&#8221;50&#8243; shift_x=&#8221;0&#8243; shift_y=&#8221;0&#8243; shift_y_down=&#8221;0&#8243; z_index=&#8221;0&#8243; medium_width=&#8221;0&#8243; mobile_width=&#8221;0&#8243; width=&#8221;1\/1&#8243; uncode_shortcode_id=&#8221;122757&#8243;][vc_row_inner row_inner_height_percent=&#8221;0&#8243; overlay_alpha=&#8221;50&#8243; gutter_size=&#8221;5&#8243; shift_y=&#8221;0&#8243; z_index=&#8221;0&#8243; limit_content=&#8221;&#8221; uncode_shortcode_id=&#8221;715031&#8243;][vc_column_inner width=&#8221;1\/12&#8243;][vc_custom_heading text_color=&#8221;color-177874&#8243; heading_semantic=&#8221;h6&#8243; text_font=&#8221;font-449222&#8243; uncode_shortcode_id=&#8221;122412&#8243; text_color_type=&#8221;uncode-palette&#8221;]01[\/vc_custom_heading][\/vc_column_inner][vc_column_inner width=&#8221;5\/12&#8243;][vc_custom_heading text_color=&#8221;color-177874&#8243; heading_semantic=&#8221;h3&#8243; text_font=&#8221;font-449222&#8243; uncode_shortcode_id=&#8221;172790&#8243; text_color_type=&#8221;uncode-palette&#8221;]Partnerships for innovative and inclusive educational practices and structures from ages 0 to 10[\/vc_custom_heading][\/vc_column_inner][vc_column_inner column_width_percent=&#8221;100&#8243; gutter_size=&#8221;2&#8243; overlay_alpha=&#8221;50&#8243; shift_x=&#8221;0&#8243; shift_y=&#8221;0&#8243; shift_y_down=&#8221;0&#8243; z_index=&#8221;0&#8243; medium_width=&#8221;0&#8243; mobile_width=&#8221;0&#8243; width=&#8221;6\/12&#8243; uncode_shortcode_id=&#8221;129883&#8243;][vc_custom_heading text_color=&#8221;color-177874&#8243; heading_semantic=&#8221;p&#8221; text_font=&#8221;font-165652&#8243; text_size=&#8221;h3&#8243; text_weight=&#8221;400&#8243; text_height=&#8221;fontheight-357766&#8243; uncode_shortcode_id=&#8221;731609&#8243; text_color_type=&#8221;uncode-palette&#8221;]Mobilising the philanthropic sector and other entities to create and support quality education projects for children aged 0-10, with a focus on creation and innovation.[\/vc_custom_heading][vc_empty_space empty_h=&#8221;2&#8243; mobile_visibility=&#8221;yes&#8221;][\/vc_column_inner][\/vc_row_inner][vc_separator sep_color=&#8221;,Default&#8221;][vc_row_inner row_inner_height_percent=&#8221;0&#8243; overlay_alpha=&#8221;50&#8243; gutter_size=&#8221;5&#8243; shift_y=&#8221;0&#8243; z_index=&#8221;0&#8243; limit_content=&#8221;&#8221; uncode_shortcode_id=&#8221;715031&#8243;][vc_column_inner width=&#8221;1\/12&#8243;][vc_custom_heading text_color=&#8221;color-177874&#8243; heading_semantic=&#8221;h6&#8243; text_font=&#8221;font-449222&#8243; uncode_shortcode_id=&#8221;491644&#8243; text_color_type=&#8221;uncode-palette&#8221;]02[\/vc_custom_heading][\/vc_column_inner][vc_column_inner width=&#8221;5\/12&#8243;][vc_custom_heading text_color=&#8221;color-177874&#8243; heading_semantic=&#8221;h3&#8243; text_font=&#8221;font-449222&#8243; uncode_shortcode_id=&#8221;119386&#8243; text_color_type=&#8221;uncode-palette&#8221;]Reducing inequalities by promoting future-focused knowledge and skills through ecological literacy and inclusive tools[\/vc_custom_heading][\/vc_column_inner][vc_column_inner column_width_percent=&#8221;100&#8243; gutter_size=&#8221;2&#8243; overlay_alpha=&#8221;50&#8243; shift_x=&#8221;0&#8243; shift_y=&#8221;0&#8243; shift_y_down=&#8221;0&#8243; z_index=&#8221;0&#8243; medium_width=&#8221;0&#8243; mobile_width=&#8221;0&#8243; width=&#8221;6\/12&#8243; uncode_shortcode_id=&#8221;129883&#8243;][vc_custom_heading text_color=&#8221;color-177874&#8243; heading_semantic=&#8221;p&#8221; text_font=&#8221;font-165652&#8243; text_size=&#8221;h3&#8243; text_weight=&#8221;400&#8243; text_height=&#8221;fontheight-357766&#8243; uncode_shortcode_id=&#8221;366227&#8243; text_color_type=&#8221;uncode-palette&#8221;]We create opportunities that promote future-focused skills together with the the educational community, through ecological literacy and innovative and inclusive tools, so that each individual is able to build their own future.[\/vc_custom_heading][vc_empty_space empty_h=&#8221;2&#8243; mobile_visibility=&#8221;yes&#8221;][\/vc_column_inner][\/vc_row_inner][vc_separator sep_color=&#8221;,Default&#8221;][vc_row_inner row_inner_height_percent=&#8221;0&#8243; overlay_alpha=&#8221;50&#8243; gutter_size=&#8221;5&#8243; shift_y=&#8221;0&#8243; z_index=&#8221;0&#8243; limit_content=&#8221;&#8221; uncode_shortcode_id=&#8221;715031&#8243;][vc_column_inner width=&#8221;1\/12&#8243;][vc_custom_heading text_color=&#8221;color-177874&#8243; heading_semantic=&#8221;h6&#8243; text_font=&#8221;font-449222&#8243; uncode_shortcode_id=&#8221;120861&#8243; text_color_type=&#8221;uncode-palette&#8221;]03[\/vc_custom_heading][\/vc_column_inner][vc_column_inner width=&#8221;5\/12&#8243;][vc_custom_heading text_color=&#8221;color-177874&#8243; heading_semantic=&#8221;h3&#8243; text_font=&#8221;font-449222&#8243; uncode_shortcode_id=&#8221;454020&#8243; text_color_type=&#8221;uncode-palette&#8221;]Sharing best practices and advocating for quality education for all[\/vc_custom_heading][\/vc_column_inner][vc_column_inner column_width_percent=&#8221;100&#8243; gutter_size=&#8221;2&#8243; overlay_alpha=&#8221;50&#8243; shift_x=&#8221;0&#8243; shift_y=&#8221;0&#8243; shift_y_down=&#8221;0&#8243; z_index=&#8221;0&#8243; medium_width=&#8221;0&#8243; mobile_width=&#8221;0&#8243; width=&#8221;6\/12&#8243; uncode_shortcode_id=&#8221;129883&#8243;][vc_custom_heading text_color=&#8221;color-177874&#8243; heading_semantic=&#8221;p&#8221; text_font=&#8221;font-165652&#8243; text_size=&#8221;h3&#8243; text_weight=&#8221;400&#8243; text_height=&#8221;fontheight-357766&#8243; uncode_shortcode_id=&#8221;224505&#8243; text_color_type=&#8221;uncode-palette&#8221;]We promote the creation and advocate for quality and innovative educational practices, engaging policy-makers.[\/vc_custom_heading][vc_empty_space empty_h=&#8221;2&#8243; mobile_visibility=&#8221;yes&#8221;][\/vc_column_inner][\/vc_row_inner][\/vc_column][\/vc_row][vc_row row_height_percent=&#8221;0&#8243; override_padding=&#8221;yes&#8221; h_padding=&#8221;2&#8243; top_padding=&#8221;5&#8243; bottom_padding=&#8221;5&#8243; back_color=&#8221;color-xsdn&#8221; overlay_alpha=&#8221;50&#8243; gutter_size=&#8221;4&#8243; column_width_percent=&#8221;100&#8243; shift_y=&#8221;0&#8243; z_index=&#8221;0&#8243; content_parallax=&#8221;0&#8243; uncode_shortcode_id=&#8221;166734&#8243; back_color_type=&#8221;uncode-palette&#8221;][vc_column column_width_percent=&#8221;100&#8243; gutter_size=&#8221;3&#8243; style=&#8221;light&#8221; overlay_alpha=&#8221;50&#8243; shift_x=&#8221;0&#8243; shift_y=&#8221;0&#8243; shift_y_down=&#8221;0&#8243; z_index=&#8221;0&#8243; medium_width=&#8221;0&#8243; mobile_width=&#8221;0&#8243; width=&#8221;1\/2&#8243; uncode_shortcode_id=&#8221;162798&#8243;][vc_single_image media=&#8221;157005&#8243; media_width_percent=&#8221;100&#8243; uncode_shortcode_id=&#8221;160717&#8243;][\/vc_column][vc_column width=&#8221;1\/2&#8243;][vc_custom_heading text_color=&#8221;color-177874&#8243; heading_semantic=&#8221;p&#8221; text_font=&#8221;font-165652&#8243; text_size=&#8221;h3&#8243; text_weight=&#8221;400&#8243; text_height=&#8221;fontheight-357766&#8243; uncode_shortcode_id=&#8221;744116&#8243; text_color_type=&#8221;uncode-palette&#8221;]We are building in Goleg\u00e3 &#8220;Escola Mendes Gon\u00e7alves&#8221;, the Funda\u00e7\u00e3o Mendes Gon\u00e7alves&#8217; school. Designed by the architecture firm <a href=\"http:\/\/www.tezuka-arch.com\/\">Tezuka Architects<\/a> \u2013 creators of the iconic Fuji Kindergarten, internationally recognized by the OECD and UNESCO \u2013 the space was conceived to encourage play, interaction, autonomy, and children&#8217;s learning in an environment closely connected to the surrounding nature. Integrated into the public school system, the school will include a nursery, daycare, kindergarten, and primary school (1st cycle).[\/vc_custom_heading][\/vc_column][\/vc_row][vc_row row_height_percent=&#8221;0&#8243; override_padding=&#8221;yes&#8221; h_padding=&#8221;2&#8243; top_padding=&#8221;5&#8243; bottom_padding=&#8221;5&#8243; back_color=&#8221;color-261712&#8243; overlay_alpha=&#8221;50&#8243; gutter_size=&#8221;3&#8243; column_width_percent=&#8221;100&#8243; shift_y=&#8221;0&#8243; z_index=&#8221;0&#8243; content_parallax=&#8221;0&#8243; uncode_shortcode_id=&#8221;330723&#8243; back_color_type=&#8221;uncode-palette&#8221;][vc_column column_width_use_pixel=&#8221;yes&#8221; align_horizontal=&#8221;align_center&#8221; gutter_size=&#8221;3&#8243; style=&#8221;dark&#8221; overlay_alpha=&#8221;50&#8243; shift_x=&#8221;0&#8243; shift_y=&#8221;0&#8243; shift_y_down=&#8221;0&#8243; z_index=&#8221;0&#8243; medium_width=&#8221;0&#8243; mobile_width=&#8221;0&#8243; width=&#8221;1\/1&#8243; uncode_shortcode_id=&#8221;612114&#8243; column_width_pixel=&#8221;1000&#8243;][vc_custom_heading text_color=&#8221;color-177874&#8243; heading_semantic=&#8221;h3&#8243; text_weight=&#8221;600&#8243; text_height=&#8221;fontheight-357766&#8243; uncode_shortcode_id=&#8221;175911&#8243; text_color_type=&#8221;uncode-palette&#8221;]\u201cMore than thinking regeneratively, we must act.\u201d[\/vc_custom_heading][vc_custom_heading text_color=&#8221;color-177874&#8243; heading_semantic=&#8221;p&#8221; text_font=&#8221;font-165652&#8243; text_size=&#8221;h3&#8243; text_weight=&#8221;600&#8243; text_height=&#8221;fontheight-357766&#8243; uncode_shortcode_id=&#8221;616158&#8243; text_color_type=&#8221;uncode-palette&#8221;]We combine research, education and direct action. We launch pilot projects, train local agentes and measure impact continuously.[\/vc_custom_heading][\/vc_column][\/vc_row][vc_row row_height_percent=&#8221;0&#8243; override_padding=&#8221;yes&#8221; h_padding=&#8221;2&#8243; top_padding=&#8221;5&#8243; bottom_padding=&#8221;5&#8243; back_color=&#8221;color-177874&#8243; overlay_alpha=&#8221;50&#8243; gutter_size=&#8221;3&#8243; column_width_percent=&#8221;100&#8243; shift_y=&#8221;0&#8243; z_index=&#8221;0&#8243; content_parallax=&#8221;0&#8243; uncode_shortcode_id=&#8221;373396&#8243; back_color_type=&#8221;uncode-palette&#8221;][vc_column column_width_use_pixel=&#8221;yes&#8221; align_horizontal=&#8221;align_center&#8221; gutter_size=&#8221;3&#8243; style=&#8221;dark&#8221; overlay_alpha=&#8221;50&#8243; shift_x=&#8221;0&#8243; shift_y=&#8221;0&#8243; shift_y_down=&#8221;0&#8243; z_index=&#8221;0&#8243; medium_width=&#8221;0&#8243; mobile_width=&#8221;0&#8243; width=&#8221;1\/1&#8243; uncode_shortcode_id=&#8221;612114&#8243; column_width_pixel=&#8221;1000&#8243;][vc_custom_heading text_color=&#8221;color-261712&#8243; heading_semantic=&#8221;h5&#8243; text_weight=&#8221;600&#8243; text_height=&#8221;fontheight-357766&#8243; uncode_shortcode_id=&#8221;944961&#8243; text_color_type=&#8221;uncode-palette&#8221;]Concept Note[\/vc_custom_heading][vc_custom_heading text_color=&#8221;color-261712&#8243; heading_semantic=&#8221;h4&#8243; text_font=&#8221;font-165652&#8243; text_size=&#8221;h3&#8243; text_weight=&#8221;400&#8243; text_height=&#8221;fontheight-357766&#8243; uncode_shortcode_id=&#8221;487356&#8243; text_color_type=&#8221;uncode-palette&#8221;]Each of our programmes is built upon a thorough contextual analysis and scientific foundation. Learn more about our vision for the future and approach to change.[\/vc_custom_heading][vc_button size=&#8221;btn-lg&#8221; radius=&#8221;btn-circle&#8221; hover_fx=&#8221;full-colored&#8221; outline=&#8221;yes&#8221; border_width=&#8221;0&#8243; scale_mobile=&#8221;no&#8221; lbox_skin=&#8221;white&#8221; uncode_shortcode_id=&#8221;111080&#8243; link=&#8221;url:https%3A%2F%2Ffundacaomendesgoncalves.org%2Fwp-content%2Fuploads%2F2025%2F07%2FNC-001-FED-Nota-Conceptual-Educar_Funda%E2%80%A1AEoMendesGon%E2%80%A1alves-0_VF_CAPA.pdf|target:_blank|&#8221;]Download PDF[\/vc_button][\/vc_column][\/vc_row][vc_row unlock_row_content=&#8221;yes&#8221; row_height_percent=&#8221;0&#8243; override_padding=&#8221;yes&#8221; h_padding=&#8221;2&#8243; top_padding=&#8221;5&#8243; bottom_padding=&#8221;5&#8243; back_color=&#8221;color-xsdn&#8221; overlay_alpha=&#8221;50&#8243; gutter_size=&#8221;2&#8243; column_width_percent=&#8221;100&#8243; shift_y=&#8221;0&#8243; z_index=&#8221;0&#8243; content_parallax=&#8221;0&#8243; uncode_shortcode_id=&#8221;194735&#8243; back_color_type=&#8221;uncode-palette&#8221;][vc_column column_width_percent=&#8221;100&#8243; gutter_size=&#8221;2&#8243; style=&#8221;light&#8221; overlay_alpha=&#8221;50&#8243; shift_x=&#8221;0&#8243; shift_y=&#8221;0&#8243; shift_y_down=&#8221;0&#8243; z_index=&#8221;0&#8243; medium_width=&#8221;0&#8243; mobile_width=&#8221;0&#8243; width=&#8221;1\/3&#8243; uncode_shortcode_id=&#8221;145958&#8243;][vc_custom_heading text_size=&#8221;fontsize-155944&#8243; text_weight=&#8221;700&#8243; uncode_shortcode_id=&#8221;426098&#8243;]Explore the other programmes[\/vc_custom_heading][\/vc_column][vc_column column_width_percent=&#8221;100&#8243; position_vertical=&#8221;bottom&#8221; gutter_size=&#8221;4&#8243; override_padding=&#8221;yes&#8221; column_padding=&#8221;2&#8243; expand_height=&#8221;yes&#8221; style=&#8221;dark&#8221; back_color=&#8221;color-458907&#8243; overlay_alpha=&#8221;50&#8243; shift_x=&#8221;0&#8243; shift_y=&#8221;0&#8243; shift_y_down=&#8221;0&#8243; z_index=&#8221;0&#8243; medium_width=&#8221;0&#8243; mobile_width=&#8221;0&#8243; width=&#8221;1\/3&#8243; uncode_shortcode_id=&#8221;112171&#8243; back_color_type=&#8221;uncode-palette&#8221;][vc_row_inner][vc_column_inner column_width_percent=&#8221;100&#8243; gutter_size=&#8221;3&#8243; style=&#8221;dark&#8221; overlay_alpha=&#8221;50&#8243; shift_x=&#8221;0&#8243; shift_y=&#8221;0&#8243; shift_y_down=&#8221;0&#8243; z_index=&#8221;0&#8243; medium_width=&#8221;0&#8243; mobile_width=&#8221;0&#8243; width=&#8221;1\/1&#8243; uncode_shortcode_id=&#8221;176405&#8243;][vc_single_image media=&#8221;156905&#8243; media_width_percent=&#8221;40&#8243; uncode_shortcode_id=&#8221;712421&#8243;][vc_custom_heading text_color=&#8221;color-386463&#8243; heading_semantic=&#8221;h3&#8243; text_size=&#8221;h1&#8243; text_weight=&#8221;500&#8243; text_height=&#8221;fontheight-357766&#8243; uncode_shortcode_id=&#8221;142577&#8243; text_color_type=&#8221;uncode-palette&#8221;]Regenerate[\/vc_custom_heading][vc_button size=&#8221;btn-lg&#8221; radius=&#8221;btn-circle&#8221; hover_fx=&#8221;full-colored&#8221; outline=&#8221;yes&#8221; border_width=&#8221;0&#8243; scale_mobile=&#8221;no&#8221; lbox_skin=&#8221;white&#8221; uncode_shortcode_id=&#8221;973834&#8243; link=&#8221;url:https%3A%2F%2Ffundacaomendesgoncalves.org%2Fen%2Fhow-we-work%2Fregenerate%2F|&#8221;]Learn more[\/vc_button][\/vc_column_inner][\/vc_row_inner][\/vc_column][vc_column column_width_percent=&#8221;100&#8243; position_vertical=&#8221;bottom&#8221; gutter_size=&#8221;4&#8243; override_padding=&#8221;yes&#8221; column_padding=&#8221;2&#8243; expand_height=&#8221;yes&#8221; style=&#8221;dark&#8221; back_color=&#8221;color-111190&#8243; overlay_alpha=&#8221;50&#8243; shift_x=&#8221;0&#8243; shift_y=&#8221;0&#8243; shift_y_down=&#8221;0&#8243; z_index=&#8221;0&#8243; medium_width=&#8221;0&#8243; mobile_width=&#8221;0&#8243; width=&#8221;1\/3&#8243; uncode_shortcode_id=&#8221;114958&#8243; back_color_type=&#8221;uncode-palette&#8221;][vc_row_inner][vc_column_inner column_width_percent=&#8221;100&#8243; gutter_size=&#8221;3&#8243; style=&#8221;dark&#8221; overlay_alpha=&#8221;50&#8243; shift_x=&#8221;0&#8243; shift_y=&#8221;0&#8243; shift_y_down=&#8221;0&#8243; z_index=&#8221;0&#8243; medium_width=&#8221;0&#8243; mobile_width=&#8221;0&#8243; width=&#8221;1\/1&#8243; uncode_shortcode_id=&#8221;130508&#8243;][vc_single_image media=&#8221;156904&#8243; media_width_percent=&#8221;40&#8243; uncode_shortcode_id=&#8221;197972&#8243;][vc_custom_heading text_color=&#8221;color-542153&#8243; heading_semantic=&#8221;h3&#8243; text_size=&#8221;h1&#8243; text_weight=&#8221;500&#8243; text_height=&#8221;fontheight-357766&#8243; uncode_shortcode_id=&#8221;143230&#8243; text_color_type=&#8221;uncode-palette&#8221;]Nurture[\/vc_custom_heading][vc_button size=&#8221;btn-lg&#8221; radius=&#8221;btn-circle&#8221; hover_fx=&#8221;full-colored&#8221; outline=&#8221;yes&#8221; border_width=&#8221;0&#8243; scale_mobile=&#8221;no&#8221; lbox_skin=&#8221;white&#8221; uncode_shortcode_id=&#8221;170732&#8243; link=&#8221;url:https%3A%2F%2Ffundacaomendesgoncalves.org%2Fen%2Fhow-we-work%2Fnurture%2F|&#8221;]Learn more[\/vc_button][\/vc_column_inner][\/vc_row_inner][\/vc_column][\/vc_row]<\/p>\n<\/div>","protected":false},"excerpt":{"rendered":"<p>[vc_row row_height_percent=&#8221;70&#8243; override_padding=&#8221;yes&#8221; h_padding=&#8221;0&#8243; top_padding=&#8221;0&#8243; bottom_padding=&#8221;0&#8243; back_color=&#8221;color-261712&#8243; parallax=&#8221;yes&#8221; overlay_alpha=&#8221;10&#8243; gutter_size=&#8221;4&#8243; column_width_percent=&#8221;100&#8243; shift_y=&#8221;0&#8243; z_index=&#8221;0&#8243; content_parallax=&#8221;0&#8243; uncode_shortcode_id=&#8221;151821&#8243; back_color_type=&#8221;uncode-palette&#8221;][vc_column column_width_percent=&#8221;100&#8243; position_vertical=&#8221;middle&#8221; gutter_size=&#8221;3&#8243; override_padding=&#8221;yes&#8221; [&hellip;]<\/p>\n","protected":false},"author":1,"featured_media":156922,"parent":157072,"menu_order":0,"comment_status":"closed","ping_status":"closed","template":"","meta":{"wds_primary_page_category":0,"footnotes":"","_links_to":"","_links_to_target":""},"class_list":["post-157073","page","type-page","status-publish","has-post-thumbnail","hentry"],"_links":{"self":[{"href":"https:\/\/fundacaomendesgoncalves.org\/en\/wp-json\/wp\/v2\/pages\/157073","targetHints":{"allow":["GET"]}}],"collection":[{"href":"https:\/\/fundacaomendesgoncalves.org\/en\/wp-json\/wp\/v2\/pages"}],"about":[{"href":"https:\/\/fundacaomendesgoncalves.org\/en\/wp-json\/wp\/v2\/types\/page"}],"author":[{"embeddable":true,"href":"https:\/\/fundacaomendesgoncalves.org\/en\/wp-json\/wp\/v2\/users\/1"}],"replies":[{"embeddable":true,"href":"https:\/\/fundacaomendesgoncalves.org\/en\/wp-json\/wp\/v2\/comments?post=157073"}],"version-history":[{"count":0,"href":"https:\/\/fundacaomendesgoncalves.org\/en\/wp-json\/wp\/v2\/pages\/157073\/revisions"}],"up":[{"embeddable":true,"href":"https:\/\/fundacaomendesgoncalves.org\/en\/wp-json\/wp\/v2\/pages\/157072"}],"wp:featuredmedia":[{"embeddable":true,"href":"https:\/\/fundacaomendesgoncalves.org\/en\/wp-json\/wp\/v2\/media\/156922"}],"wp:attachment":[{"href":"https:\/\/fundacaomendesgoncalves.org\/en\/wp-json\/wp\/v2\/media?parent=157073"}],"curies":[{"name":"wp","href":"https:\/\/api.w.org\/{rel}","templated":true}]}}